{"id":954,"date":"2016-07-12T16:49:35","date_gmt":"2016-07-12T14:49:35","guid":{"rendered":"http:\/\/www.aerre2.com\/it\/?page_id=954"},"modified":"2021-04-14T14:22:52","modified_gmt":"2021-04-14T12:22:52","slug":"trasduttori-di-livello","status":"publish","type":"page","link":"https:\/\/www.aerre2.com\/it\/prodotti\/accessori-per-quadri-elettrici\/trasduttori-di-livello\/","title":{"rendered":"Trasduttori di livello"},"content":{"rendered":"<div class=\"fusion-fullwidth fullwidth-box fusion-builder-row-1 hundred-percent-fullwidth non-hundred-percent-height-scrolling\" style=\"background-color: rgba(255,255,255,0);background-position: center center;background-repeat: no-repeat;padding-top:0px;padding-right:0px;padding-bottom:0px;padding-left:0px;margin-bottom: 0px;margin-top: 0px;border-width: 0px 0px 0px 0px;border-color:#eae9e9;border-style:solid;\" ><div class=\"fusion-builder-row fusion-row\"><div class=\"fusion-layout-column fusion_builder_column fusion-builder-column-0 fusion_builder_column_1_1 1_1 fusion-one-full fusion-column-first fusion-column-last\" style=\"margin-top:0px;margin-bottom:20px;\"><div class=\"fusion-column-wrapper fusion-flex-column-wrapper-legacy\" style=\"background-position:left top;background-repeat:no-repeat;-webkit-background-size:cover;-moz-background-size:cover;-o-background-size:cover;background-size:cover;padding: 0px 0px 0px 0px;\"><style type=\"text\/css\"><\/style><div class=\"fusion-title title fusion-title-1 fusion-sep-none fusion-title-text fusion-title-size-two\" style=\"margin-top:0px;margin-right:0px;margin-bottom:31px;margin-left:0px;\"><h2 class=\"title-heading-left\" style=\"margin:0;\">Trasduttore di livello per i quadri elettrici di tipo 1QM\/CE, 1QT\/CE, 1QMD\/CE, 1QTD\/CE, Q2PM\/CE, Q2PT\/CE, Q2PMD\/CE, Q2PTD\/CE, Q3PM\/CE, Q3PT\/CE, Q3PMD\/CE, Q3PTD\/CE, SLC\/M, SLC\/T, SLC\/C\/M, SLC\/C\/T, SLC1\/M E SLC1\/T<\/h2><\/div><div class=\"fusion-text fusion-text-1\"><p>Il trasduttore di livello tipo TDL1, comprende di una pastiglia in ceramica montata all\u2019interno di un robusto involucro di ottone, la quale ci permette di rilevare il livello del liquido attraverso la deformazione della stessa.<\/p>\n<\/div><div class=\"fusion-text fusion-text-2\"><p>Il sistema di rilevazione \u00e8 del tipo capacitivo, pertanto \u00e8 molto affidabile e ripetibile nel tempo ed \u00e8 ininfluente alle variazioni termiche e climatiche, permettendo una precisione di misurazione attorno al \u00b11%.<\/p>\n<\/div><div class=\"fusion-text fusion-text-3\"><p>Il trasduttore viene fornito in due versioni: 1\u00b0 versione di superficie comprendente di connettore e 2mt. di cavo, 2\u00b0 versione di tipo sommergibile comprendente di connettore con 2mt. di cavo. A piacere si possono fornire trasduttori sia di superficie che sommersi, con una lunghezza massima di 50mt. di cavo. Al momento dell\u2019ordinazione specificare il tipo di applicazione.<\/p>\n<\/div><div class=\"fusion-clearfix\"><\/div><\/div><\/div><div class=\"fusion-layout-column fusion_builder_column fusion-builder-column-1 fusion_builder_column_2_5 2_5 fusion-two-fifth fusion-column-first\" style=\"width:37.6%; margin-right: 4%;margin-top:0px;margin-bottom:20px;\"><div class=\"fusion-column-wrapper fusion-flex-column-wrapper-legacy\" style=\"background-position:left top;background-repeat:no-repeat;-webkit-background-size:cover;-moz-background-size:cover;-o-background-size:cover;background-size:cover;padding: 0px 0px 0px 0px;\"><span class=\" fusion-imageframe imageframe-none imageframe-1 hover-type-none\"><img alt=\"aerre2 Trasduttori di livello\" src=\"http:\/\/www.aerre2.com\/wp-content\/uploads\/2016\/07\/aerre2-level-transducer-1.jpg\" class=\"img-responsive\"\/><\/span><div class=\"fusion-clearfix\"><\/div><\/div><\/div><div class=\"fusion-layout-column fusion_builder_column fusion-builder-column-2 fusion_builder_column_3_5 3_5 fusion-three-fifth fusion-column-last\" style=\"width:58.4%;margin-top:0px;margin-bottom:20px;\"><div class=\"fusion-column-wrapper fusion-flex-column-wrapper-legacy\" style=\"background-position:left top;background-repeat:no-repeat;-webkit-background-size:cover;-moz-background-size:cover;-o-background-size:cover;background-size:cover;padding: 0px 0px 0px 0px;\"><div class=\"fusion-sep-clear\"><\/div><div class=\"fusion-separator fusion-full-width-sep\" style=\"margin-left: auto;margin-right: auto;margin-top:20px;width:100%;\"><\/div><div class=\"fusion-sep-clear\"><\/div><style type=\"text\/css\"><\/style><div class=\"fusion-title title fusion-title-2 fusion-sep-none fusion-title-text fusion-title-size-two\" style=\"margin-top:0px;margin-right:0px;margin-bottom:5px;margin-left:0px;\"><h2 class=\"title-heading-left\" style=\"margin:0;\">MANIPOLAZIONE DEL TRASDUTTORE DI LIVELLO TIPO TDL1<\/h2><\/div><ul class=\"fusion-checklist fusion-checklist-1\" style=\"font-size:13px;line-height:22.1px;\"><li class=\"fusion-li-item\"><span style=\"height:22.1px;width:22.1px;margin-right:9.1px;\" class=\"icon-wrapper circle-no\"><i class=\"fusion-li-icon fa fa-chevron-right\" style=\"color:#f15026;\" aria-hidden=\"true\"><\/i><\/span><div class=\"fusion-li-item-content\" style=\"margin-left:31.2px;\">Manipolare il trasduttore di livello con cura essendo un prodotto molto <strong>sensibile agli urti ed alle forti sollecitazioni.<\/strong><\/div><\/li><li class=\"fusion-li-item\"><span style=\"height:22.1px;width:22.1px;margin-right:9.1px;\" class=\"icon-wrapper circle-no\"><i class=\"fusion-li-icon fa fa-chevron-right\" style=\"color:#f15026;\" aria-hidden=\"true\"><\/i><\/span><div class=\"fusion-li-item-content\" style=\"margin-left:31.2px;\"><strong>Montare il trasduttore di livello nel manicotto, lo stesso avvitandolo, non deve creare alcuna pressione, pertanto bisogna che la saracinesca sia aperta. Una sovra pressione di un bar per il tipo 200cm, danneggia irreparabilmente il trasduttore di livello con la conseguente rottura della membrana.<\/strong><\/div><\/li><li class=\"fusion-li-item\"><span style=\"height:22.1px;width:22.1px;margin-right:9.1px;\" class=\"icon-wrapper circle-no\"><i class=\"fusion-li-icon fa fa-chevron-right\" style=\"color:#f15026;\" aria-hidden=\"true\"><\/i><\/span><div class=\"fusion-li-item-content\" style=\"margin-left:31.2px;\">Ogni volta che si svuota completamente il serbatoio, in altre parole sotto il livello di 10 cm., dopo il riempimento bisogna sfiatare il trasduttore di livello attraverso l\u2019apposita vite. L\u2019operazione \u00e8 da effettuarsi solo per i trasduttori di livello di superficie.<\/div><\/li><li class=\"fusion-li-item\"><span style=\"height:22.1px;width:22.1px;margin-right:9.1px;\" class=\"icon-wrapper circle-no\"><i class=\"fusion-li-icon fa fa-chevron-right\" style=\"color:#f15026;\" aria-hidden=\"true\"><\/i><\/span><div class=\"fusion-li-item-content\" style=\"margin-left:31.2px;\">Non entrare nel foro del trasduttore con un oggetto appuntito e premere sulla membrana oppure dare pressione. Una pressione superiore di un bar danneggia irreparabilmente il trasduttore.<\/div><\/li><li class=\"fusion-li-item\"><span style=\"height:22.1px;width:22.1px;margin-right:9.1px;\" class=\"icon-wrapper circle-no\"><i class=\"fusion-li-icon fa fa-chevron-right\" style=\"color:#f15026;\" aria-hidden=\"true\"><\/i><\/span><div class=\"fusion-li-item-content\" style=\"margin-left:31.2px;\">Non avvicinarsi con fonti di calore dirette di ogni genere.<\/div><\/li><li class=\"fusion-li-item\"><span style=\"height:22.1px;width:22.1px;margin-right:9.1px;\" class=\"icon-wrapper circle-no\"><i class=\"fusion-li-icon fa fa-chevron-right\" style=\"color:#f15026;\" aria-hidden=\"true\"><\/i><\/span><div class=\"fusion-li-item-content\" style=\"margin-left:31.2px;\">Non avvicinarsi con alimentatori a radio frequenza.<\/div><\/li><li class=\"fusion-li-item\"><span style=\"height:22.1px;width:22.1px;margin-right:9.1px;\" class=\"icon-wrapper circle-no\"><i class=\"fusion-li-icon fa fa-chevron-right\" style=\"color:#f15026;\" aria-hidden=\"true\"><\/i><\/span><div class=\"fusion-li-item-content\" style=\"margin-left:31.2px;\">Non piegare il cavo elettrico ad U<\/div><\/li><li class=\"fusion-li-item\"><span style=\"height:22.1px;width:22.1px;margin-right:9.1px;\" class=\"icon-wrapper circle-no\"><i class=\"fusion-li-icon fa fa-chevron-right\" style=\"color:#f15026;\" aria-hidden=\"true\"><\/i><\/span><div class=\"fusion-li-item-content\" style=\"margin-left:31.2px;\">Collegare il connettore dal trasduttore alla scheda madre, con il cavo verso il basso. Il connettore \u00e8 polarizzato, in ogni modo il montaggio inverso del connettore, provoca la rottura irreparabilmente del trasduttore di livello.<\/div><\/li><li class=\"fusion-li-item\"><span style=\"height:22.1px;width:22.1px;margin-right:9.1px;\" class=\"icon-wrapper circle-no\"><i class=\"fusion-li-icon fa fa-chevron-right\" style=\"color:#f15026;\" aria-hidden=\"true\"><\/i><\/span><div class=\"fusion-li-item-content\" style=\"margin-left:31.2px;\">Non svitare le viti a brugola di bloccaggio. L\u2019apertura delle viti comporta ad un mal funzionamento del trasduttore di livello.<\/div><\/li><li class=\"fusion-li-item\"><span style=\"height:22.1px;width:22.1px;margin-right:9.1px;\" class=\"icon-wrapper circle-no\"><i class=\"fusion-li-icon fa fa-chevron-right\" style=\"color:#f15026;\" aria-hidden=\"true\"><\/i><\/span><div class=\"fusion-li-item-content\" style=\"margin-left:31.2px;\">Fare attenzione di montare il trasduttore di livello ad una altezza di 10cm., dalla vite di sfiato al fondo del serbatoio. La non osservanza di detto livello comporta ad un\u2019errata lettura dell\u2019altezza del liquido.<\/div><\/li><\/ul><div class=\"fusion-sep-clear\"><\/div><div class=\"fusion-separator fusion-full-width-sep\" style=\"margin-left: auto;margin-right: auto;margin-top:25px;width:100%;\"><\/div><div class=\"fusion-sep-clear\"><\/div><div class=\"fusion-button-wrapper\"><style type=\"text\/css\">.fusion-button.button-1 {border-radius:2px;}<\/style><a class=\"fusion-button button-flat fusion-button-default-size button-default button-1 fusion-button-default-span bottone-blu\" target=\"_blank\" rel=\"noopener noreferrer\" href=\"http:\/\/www.aerre2.com\/ita\/prodotti\/scheda_trasduttore_di_livello.pdf\"><span class=\"fusion-button-icon-divider button-icon-divider-left\"><i class=\" fa fa-file-pdf-o\" aria-hidden=\"true\"><\/i><\/span><span class=\"fusion-button-text fusion-button-text-left\">Download scheda tecnica<\/span><\/a><\/div><div class=\"fusion-clearfix\"><\/div><\/div><\/div><div class=\"fusion-layout-column fusion_builder_column fusion-builder-column-3 fusion_builder_column_1_1 1_1 fusion-one-full fusion-column-first fusion-column-last\" style=\"margin-top:0px;margin-bottom:20px;\"><div class=\"fusion-column-wrapper fusion-flex-column-wrapper-legacy\" style=\"background-position:left top;background-repeat:no-repeat;-webkit-background-size:cover;-moz-background-size:cover;-o-background-size:cover;background-size:cover;padding: 0px 0px 0px 0px;\"><div class=\"fusion-sep-clear\"><\/div><div class=\"fusion-separator fusion-full-width-sep\" style=\"margin-left: auto;margin-right: auto;margin-top:30px;margin-bottom:30px;width:100%;\"><div class=\"fusion-separator-border sep-single sep-solid\" style=\"border-color:#e0dede;border-top-width:1px;\"><\/div><\/div><div class=\"fusion-sep-clear\"><\/div><style type=\"text\/css\"><\/style><div class=\"fusion-title title fusion-title-3 fusion-sep-none fusion-title-text fusion-title-size-two\" style=\"margin-top:0px;margin-right:0px;margin-bottom:5px;margin-left:0px;\"><h2 class=\"title-heading-left\" style=\"margin:0;\">MANIPOLAZIONE DEL TRASDUTTORE DI LIVELLO TIPO TPL1<\/h2><\/div><ul class=\"fusion-checklist fusion-checklist-2\" style=\"font-size:13px;line-height:22.1px;\"><li class=\"fusion-li-item\"><span style=\"height:22.1px;width:22.1px;margin-right:9.1px;\" class=\"icon-wrapper circle-no\"><i class=\"fusion-li-icon fa fa-chevron-right\" style=\"color:#f15026;\" aria-hidden=\"true\"><\/i><\/span><div class=\"fusion-li-item-content\" style=\"margin-left:31.2px;\">Non entrare nel foro del trasduttore con un oggetto appuntito e premere sulla membrana oppure dare pressione. Una pressione superiore di 5 bar danneggia irreparabilmente il trasduttore.<\/div><\/li><li class=\"fusion-li-item\"><span style=\"height:22.1px;width:22.1px;margin-right:9.1px;\" class=\"icon-wrapper circle-no\"><i class=\"fusion-li-icon fa fa-chevron-right\" style=\"color:#f15026;\" aria-hidden=\"true\"><\/i><\/span><div class=\"fusion-li-item-content\" style=\"margin-left:31.2px;\">Non avvicinarsi con fonti di calore dirette di ogni genere.<\/div><\/li><li class=\"fusion-li-item\"><span style=\"height:22.1px;width:22.1px;margin-right:9.1px;\" class=\"icon-wrapper circle-no\"><i class=\"fusion-li-icon fa fa-chevron-right\" style=\"color:#f15026;\" aria-hidden=\"true\"><\/i><\/span><div class=\"fusion-li-item-content\" style=\"margin-left:31.2px;\">Non avvicinarsi con alimentatori a radio frequenza<\/div><\/li><li class=\"fusion-li-item\"><span style=\"height:22.1px;width:22.1px;margin-right:9.1px;\" class=\"icon-wrapper circle-no\"><i class=\"fusion-li-icon fa fa-chevron-right\" style=\"color:#f15026;\" aria-hidden=\"true\"><\/i><\/span><div class=\"fusion-li-item-content\" style=\"margin-left:31.2px;\">Non svitare il trasduttore. L\u2019apertura dello stesso comporta ad un danneggiamento del trasduttore di pressione.<\/div><\/li><li class=\"fusion-li-item\"><span style=\"height:22.1px;width:22.1px;margin-right:9.1px;\" class=\"icon-wrapper circle-no\"><i class=\"fusion-li-icon fa fa-chevron-right\" style=\"color:#f15026;\" aria-hidden=\"true\"><\/i><\/span><div class=\"fusion-li-item-content\" style=\"margin-left:31.2px;\">Non piegare il cavo elettrico ad U<\/div><\/li><\/ul><div class=\"fusion-sep-clear\"><\/div><div class=\"fusion-separator fusion-full-width-sep\" style=\"margin-left: auto;margin-right: auto;margin-top:25px;width:100%;\"><\/div><div class=\"fusion-sep-clear\"><\/div><style type=\"text\/css\"><\/style><div class=\"fusion-title title fusion-title-4 fusion-sep-none fusion-title-text fusion-title-size-two\" style=\"margin-top:0px;margin-right:0px;margin-bottom:5px;margin-left:0px;\"><h2 class=\"title-heading-left\" style=\"margin:0;\">DATI TECNICI DEL TRASDUTTORE DI LIVELLO TIPO TDL1 (NON ADATTO PER USO ALIMENTARE, PER BENZINE E PER LIQUIDI ALTAMENTE INFIAMMABILI). PUO\u2019ESSERE USATO PER QUALSIASI ALTRO LIQUIDO CON UNA DENSITA\u2019 COMPRESA FRA 0,000\u00f72,000y.<\/h2><\/div><div class=\"fusion-sep-clear\"><\/div><div class=\"fusion-separator fusion-full-width-sep\" style=\"margin-left: auto;margin-right: auto;margin-top:20px;width:100%;\"><\/div><div class=\"fusion-sep-clear\"><\/div><div class=\"fusion-text fusion-text-4\"><table class=\"tg\">\n<tbody>\n<tr class=\"tr-grigio\">\n<th class=\"tg-yw4l\"><strong>TRANSDUCER TYPE<\/strong><\/th>\n<th class=\"tg-yw4l\"><strong>TDL1 0,2 BAR<\/strong><br \/>\n<strong> cod.700610<\/strong><\/th>\n<th class=\"tg-yw4l\"><strong>TDL1 0,35 BAR<\/strong><br \/>\n<strong> cod.700611<\/strong><\/th>\n<th class=\"tg-yw4l\"><strong>TDL1 0,75 BAR<\/strong><br \/>\n<strong> cod.700612<\/strong><\/th>\n<th class=\"tg-yw4l\" colspan=\"3\"><strong>TDL1 1,00 BAR<\/strong><br \/>\n<strong> cod.700613<\/strong><\/th>\n<\/tr>\n<tr>\n<td class=\"tg-yw4l\">TENSIONE DI ALIMENTAZIONE<\/td>\n<td class=\"tg-yw4l\">+5V<\/td>\n<td class=\"tg-yw4l\">+5V<\/td>\n<td class=\"tg-yw4l\">+5V<\/td>\n<td class=\"tg-yw4l\">+5V<\/td>\n<\/tr>\n<tr>\n<td class=\"tg-yw4l\">TENSIONE USCITA<\/td>\n<td class=\"tg-yw4l\">+0,5V \u2013 +4,5V<\/td>\n<td class=\"tg-yw4l\">+0,5V \u2013 +4,5V<\/td>\n<td class=\"tg-yw4l\">+0,5V \u2013 +4,5V<\/td>\n<td class=\"tg-yw4l\">+0,5V \u2013 +4,5V<\/td>\n<\/tr>\n<tr>\n<td class=\"tg-yw4l\">ATTACCO<\/td>\n<td class=\"tg-yw4l\">1\u201d GAS<\/td>\n<td class=\"tg-yw4l\">1\u201d GAS<\/td>\n<td class=\"tg-yw4l\">1\u201d GAS<\/td>\n<td class=\"tg-yw4l\">1\u201d GAS<\/td>\n<\/tr>\n<tr>\n<td class=\"tg-yw4l\">MONTAGGIO<\/td>\n<td class=\"tg-yw4l\">VERT.\/ORIZ.<\/td>\n<td class=\"tg-yw4l\">VERT.\/ORIZ.<\/td>\n<td class=\"tg-yw4l\">VERT.\/ORIZ.<\/td>\n<td class=\"tg-yw4l\">VERT.\/ORIZ.<\/td>\n<\/tr>\n<tr>\n<td class=\"tg-yw4l\">LINEARITA\u2019<\/td>\n<td class=\"tg-yw4l\">\u00b10,2%<\/td>\n<td class=\"tg-yw4l\">\u00b10,2%<\/td>\n<td class=\"tg-yw4l\">\u00b10,2%<\/td>\n<td class=\"tg-yw4l\">\u00b10,2%<\/td>\n<\/tr>\n<tr>\n<td class=\"tg-yw4l\">TEMP. FUNZIONAMENTO<\/td>\n<td class=\"tg-yw4l\">-20\u00b0C + 50\u00b0C<\/td>\n<td class=\"tg-yw4l\">-20\u00b0C + 50\u00b0C<\/td>\n<td class=\"tg-yw4l\">-20\u00b0C + 50\u00b0C<\/td>\n<td class=\"tg-yw4l\">-20\u00b0C + 50\u00b0C<\/td>\n<\/tr>\n<tr>\n<td class=\"tg-yw4l\">STABILITA&#8217;<\/td>\n<td class=\"tg-yw4l\">0,25% max<\/td>\n<td class=\"tg-yw4l\">0,25% max<\/td>\n<td class=\"tg-yw4l\">0,25% max<\/td>\n<td class=\"tg-yw4l\">0,25% max<\/td>\n<\/tr>\n<tr>\n<td class=\"tg-yw4l\">ERRORE TOTALE TIPICO<\/td>\n<td class=\"tg-yw4l\">\u00b11%<\/td>\n<td class=\"tg-yw4l\">\u00b11%<\/td>\n<td class=\"tg-yw4l\">\u00b11%<\/td>\n<td class=\"tg-yw4l\">\u00b11%<\/td>\n<\/tr>\n<tr>\n<td class=\"tg-yw4l\">VITA DEL TRASDUTTORE<\/td>\n<td class=\"tg-yw4l\">10 Milioni di pieni<\/td>\n<td class=\"tg-yw4l\">10 Milioni di pieni<\/td>\n<td class=\"tg-yw4l\">10 Milioni di pieni<\/td>\n<td class=\"tg-yw4l\">10 Milioni di pieni<\/td>\n<\/tr>\n<tr>\n<td class=\"tg-yw4l\">PRESSIONE LAVORO<\/td>\n<td class=\"tg-yw4l\">0,2 bar (2mt)<\/td>\n<td class=\"tg-yw4l\">0,35 bar (3,5mt)<\/td>\n<td class=\"tg-yw4l\">0,75 bar (7,5mt)<\/td>\n<td class=\"tg-yw4l\">1 bar (10mt)<\/td>\n<\/tr>\n<tr>\n<td class=\"tg-yw4l\">SOVRAPRESSIONE<\/td>\n<td class=\"tg-yw4l\">1 bar<\/td>\n<td class=\"tg-yw4l\">1,3 bar<\/td>\n<td class=\"tg-yw4l\">2 bar<\/td>\n<td class=\"tg-yw4l\">3\u00a0bar<\/td>\n<\/tr>\n<tr>\n<td class=\"tg-yw4l\">MATERIALE SENSORE<\/td>\n<td class=\"tg-yw4l\">Ceramica AI2O3<\/td>\n<td class=\"tg-yw4l\">Ceramica AI2O3<\/td>\n<td class=\"tg-yw4l\">Ceramica AI2O3<\/td>\n<td class=\"tg-yw4l\">Ceramica AI2O3<\/td>\n<\/tr>\n<tr>\n<td class=\"tg-yw4l\">MATERIALE TRASDUTTORE<\/td>\n<td class=\"tg-yw4l\">OTTONE<\/td>\n<td class=\"tg-yw4l\">OTTONE<\/td>\n<td class=\"tg-yw4l\">OTTONE<\/td>\n<td class=\"tg-yw4l\">OTTONE<\/td>\n<\/tr>\n<\/tbody>\n<\/table>\n<\/div><div class=\"fusion-clearfix\"><\/div><\/div><\/div><\/div><style type=\"text\/css\">.fusion-fullwidth.fusion-builder-row-1 { overflow:visible; }<\/style><\/div>\n","protected":false},"excerpt":{"rendered":"","protected":false},"author":1,"featured_media":0,"parent":944,"menu_order":0,"comment_status":"closed","ping_status":"closed","template":"","meta":[],"yoast_head":"<!-- This site is optimized with the Yoast SEO plugin v18.4.1 - https:\/\/yoast.com\/wordpress\/plugins\/seo\/ -->\n<title>Trasduttori di livello | Aerre2<\/title>\n<meta name=\"robots\" content=\"index, follow, max-snippet:-1, max-image-preview:large, max-video-preview:-1\" \/>\n<link rel=\"canonical\" href=\"https:\/\/www.aerre2.com\/it\/prodotti\/accessori-per-quadri-elettrici\/trasduttori-di-livello\/\" \/>\n<meta property=\"og:locale\" content=\"it_IT\" \/>\n<meta property=\"og:type\" content=\"article\" \/>\n<meta property=\"og:title\" content=\"Trasduttori di livello | Aerre2\" \/>\n<meta property=\"og:url\" content=\"https:\/\/www.aerre2.com\/it\/prodotti\/accessori-per-quadri-elettrici\/trasduttori-di-livello\/\" \/>\n<meta property=\"og:site_name\" content=\"Aerre2\" \/>\n<meta property=\"article:modified_time\" content=\"2021-04-14T12:22:52+00:00\" \/>\n<meta property=\"og:image\" content=\"http:\/\/www.aerre2.com\/wp-content\/uploads\/2016\/07\/aerre2-level-transducer-1.jpg\" \/>\n<meta name=\"twitter:card\" content=\"summary\" \/>\n<meta name=\"twitter:label1\" content=\"Tempo di lettura stimato\" \/>\n\t<meta name=\"twitter:data1\" content=\"7 minuti\" \/>\n<script type=\"application\/ld+json\" class=\"yoast-schema-graph\">{\"@context\":\"https:\/\/schema.org\",\"@graph\":[{\"@type\":\"Organization\",\"@id\":\"https:\/\/www.aerre2.com\/it\/#organization\",\"name\":\"Aerre2\",\"url\":\"https:\/\/www.aerre2.com\/it\/\",\"sameAs\":[],\"logo\":{\"@type\":\"ImageObject\",\"@id\":\"https:\/\/www.aerre2.com\/it\/#logo\",\"inLanguage\":\"it-IT\",\"url\":\"https:\/\/www.aerre2.com\/wp-content\/uploads\/2016\/07\/aerre2-logo-sticky.jpg\",\"contentUrl\":\"https:\/\/www.aerre2.com\/wp-content\/uploads\/2016\/07\/aerre2-logo-sticky.jpg\",\"width\":150,\"height\":74,\"caption\":\"Aerre2\"},\"image\":{\"@id\":\"https:\/\/www.aerre2.com\/it\/#logo\"}},{\"@type\":\"WebSite\",\"@id\":\"https:\/\/www.aerre2.com\/it\/#website\",\"url\":\"https:\/\/www.aerre2.com\/it\/\",\"name\":\"Aerre2\",\"description\":\"controlli di livello dei liquidi per qualsiasi applicazione\",\"publisher\":{\"@id\":\"https:\/\/www.aerre2.com\/it\/#organization\"},\"potentialAction\":[{\"@type\":\"SearchAction\",\"target\":{\"@type\":\"EntryPoint\",\"urlTemplate\":\"https:\/\/www.aerre2.com\/it\/?s={search_term_string}\"},\"query-input\":\"required name=search_term_string\"}],\"inLanguage\":\"it-IT\"},{\"@type\":\"ImageObject\",\"@id\":\"https:\/\/www.aerre2.com\/it\/prodotti\/accessori-per-quadri-elettrici\/trasduttori-di-livello\/#primaryimage\",\"inLanguage\":\"it-IT\",\"url\":\"http:\/\/www.aerre2.com\/wp-content\/uploads\/2016\/07\/aerre2-level-transducer-1.jpg\",\"contentUrl\":\"http:\/\/www.aerre2.com\/wp-content\/uploads\/2016\/07\/aerre2-level-transducer-1.jpg\"},{\"@type\":\"WebPage\",\"@id\":\"https:\/\/www.aerre2.com\/it\/prodotti\/accessori-per-quadri-elettrici\/trasduttori-di-livello\/#webpage\",\"url\":\"https:\/\/www.aerre2.com\/it\/prodotti\/accessori-per-quadri-elettrici\/trasduttori-di-livello\/\",\"name\":\"Trasduttori di livello | Aerre2\",\"isPartOf\":{\"@id\":\"https:\/\/www.aerre2.com\/it\/#website\"},\"primaryImageOfPage\":{\"@id\":\"https:\/\/www.aerre2.com\/it\/prodotti\/accessori-per-quadri-elettrici\/trasduttori-di-livello\/#primaryimage\"},\"datePublished\":\"2016-07-12T14:49:35+00:00\",\"dateModified\":\"2021-04-14T12:22:52+00:00\",\"breadcrumb\":{\"@id\":\"https:\/\/www.aerre2.com\/it\/prodotti\/accessori-per-quadri-elettrici\/trasduttori-di-livello\/#breadcrumb\"},\"inLanguage\":\"it-IT\",\"potentialAction\":[{\"@type\":\"ReadAction\",\"target\":[\"https:\/\/www.aerre2.com\/it\/prodotti\/accessori-per-quadri-elettrici\/trasduttori-di-livello\/\"]}]},{\"@type\":\"BreadcrumbList\",\"@id\":\"https:\/\/www.aerre2.com\/it\/prodotti\/accessori-per-quadri-elettrici\/trasduttori-di-livello\/#breadcrumb\",\"itemListElement\":[{\"@type\":\"ListItem\",\"position\":1,\"name\":\"Home\",\"item\":\"https:\/\/www.aerre2.com\/it\/\"},{\"@type\":\"ListItem\",\"position\":2,\"name\":\"Prodotti\",\"item\":\"https:\/\/www.aerre2.com\/it\/prodotti\/\"},{\"@type\":\"ListItem\",\"position\":3,\"name\":\"Accessori per quadri elettrici\",\"item\":\"https:\/\/www.aerre2.com\/it\/prodotti\/accessori-per-quadri-elettrici\/\"},{\"@type\":\"ListItem\",\"position\":4,\"name\":\"Trasduttori di livello\"}]}]}<\/script>\n<!-- \/ Yoast SEO plugin. -->","yoast_head_json":{"title":"Trasduttori di livello | Aerre2","robots":{"index":"index","follow":"follow","max-snippet":"max-snippet:-1","max-image-preview":"max-image-preview:large","max-video-preview":"max-video-preview:-1"},"canonical":"https:\/\/www.aerre2.com\/it\/prodotti\/accessori-per-quadri-elettrici\/trasduttori-di-livello\/","og_locale":"it_IT","og_type":"article","og_title":"Trasduttori di livello | Aerre2","og_url":"https:\/\/www.aerre2.com\/it\/prodotti\/accessori-per-quadri-elettrici\/trasduttori-di-livello\/","og_site_name":"Aerre2","article_modified_time":"2021-04-14T12:22:52+00:00","og_image":[{"url":"http:\/\/www.aerre2.com\/wp-content\/uploads\/2016\/07\/aerre2-level-transducer-1.jpg"}],"twitter_card":"summary","twitter_misc":{"Tempo di lettura stimato":"7 minuti"},"schema":{"@context":"https:\/\/schema.org","@graph":[{"@type":"Organization","@id":"https:\/\/www.aerre2.com\/it\/#organization","name":"Aerre2","url":"https:\/\/www.aerre2.com\/it\/","sameAs":[],"logo":{"@type":"ImageObject","@id":"https:\/\/www.aerre2.com\/it\/#logo","inLanguage":"it-IT","url":"https:\/\/www.aerre2.com\/wp-content\/uploads\/2016\/07\/aerre2-logo-sticky.jpg","contentUrl":"https:\/\/www.aerre2.com\/wp-content\/uploads\/2016\/07\/aerre2-logo-sticky.jpg","width":150,"height":74,"caption":"Aerre2"},"image":{"@id":"https:\/\/www.aerre2.com\/it\/#logo"}},{"@type":"WebSite","@id":"https:\/\/www.aerre2.com\/it\/#website","url":"https:\/\/www.aerre2.com\/it\/","name":"Aerre2","description":"controlli di livello dei liquidi per qualsiasi applicazione","publisher":{"@id":"https:\/\/www.aerre2.com\/it\/#organization"},"potentialAction":[{"@type":"SearchAction","target":{"@type":"EntryPoint","urlTemplate":"https:\/\/www.aerre2.com\/it\/?s={search_term_string}"},"query-input":"required name=search_term_string"}],"inLanguage":"it-IT"},{"@type":"ImageObject","@id":"https:\/\/www.aerre2.com\/it\/prodotti\/accessori-per-quadri-elettrici\/trasduttori-di-livello\/#primaryimage","inLanguage":"it-IT","url":"http:\/\/www.aerre2.com\/wp-content\/uploads\/2016\/07\/aerre2-level-transducer-1.jpg","contentUrl":"http:\/\/www.aerre2.com\/wp-content\/uploads\/2016\/07\/aerre2-level-transducer-1.jpg"},{"@type":"WebPage","@id":"https:\/\/www.aerre2.com\/it\/prodotti\/accessori-per-quadri-elettrici\/trasduttori-di-livello\/#webpage","url":"https:\/\/www.aerre2.com\/it\/prodotti\/accessori-per-quadri-elettrici\/trasduttori-di-livello\/","name":"Trasduttori di livello | Aerre2","isPartOf":{"@id":"https:\/\/www.aerre2.com\/it\/#website"},"primaryImageOfPage":{"@id":"https:\/\/www.aerre2.com\/it\/prodotti\/accessori-per-quadri-elettrici\/trasduttori-di-livello\/#primaryimage"},"datePublished":"2016-07-12T14:49:35+00:00","dateModified":"2021-04-14T12:22:52+00:00","breadcrumb":{"@id":"https:\/\/www.aerre2.com\/it\/prodotti\/accessori-per-quadri-elettrici\/trasduttori-di-livello\/#breadcrumb"},"inLanguage":"it-IT","potentialAction":[{"@type":"ReadAction","target":["https:\/\/www.aerre2.com\/it\/prodotti\/accessori-per-quadri-elettrici\/trasduttori-di-livello\/"]}]},{"@type":"BreadcrumbList","@id":"https:\/\/www.aerre2.com\/it\/prodotti\/accessori-per-quadri-elettrici\/trasduttori-di-livello\/#breadcrumb","itemListElement":[{"@type":"ListItem","position":1,"name":"Home","item":"https:\/\/www.aerre2.com\/it\/"},{"@type":"ListItem","position":2,"name":"Prodotti","item":"https:\/\/www.aerre2.com\/it\/prodotti\/"},{"@type":"ListItem","position":3,"name":"Accessori per quadri elettrici","item":"https:\/\/www.aerre2.com\/it\/prodotti\/accessori-per-quadri-elettrici\/"},{"@type":"ListItem","position":4,"name":"Trasduttori di livello"}]}]}},"_links":{"self":[{"href":"https:\/\/www.aerre2.com\/it\/wp-json\/wp\/v2\/pages\/954"}],"collection":[{"href":"https:\/\/www.aerre2.com\/it\/wp-json\/wp\/v2\/pages"}],"about":[{"href":"https:\/\/www.aerre2.com\/it\/wp-json\/wp\/v2\/types\/page"}],"author":[{"embeddable":true,"href":"https:\/\/www.aerre2.com\/it\/wp-json\/wp\/v2\/users\/1"}],"replies":[{"embeddable":true,"href":"https:\/\/www.aerre2.com\/it\/wp-json\/wp\/v2\/comments?post=954"}],"version-history":[{"count":5,"href":"https:\/\/www.aerre2.com\/it\/wp-json\/wp\/v2\/pages\/954\/revisions"}],"predecessor-version":[{"id":1537,"href":"https:\/\/www.aerre2.com\/it\/wp-json\/wp\/v2\/pages\/954\/revisions\/1537"}],"up":[{"embeddable":true,"href":"https:\/\/www.aerre2.com\/it\/wp-json\/wp\/v2\/pages\/944"}],"wp:attachment":[{"href":"https:\/\/www.aerre2.com\/it\/wp-json\/wp\/v2\/media?parent=954"}],"curies":[{"name":"wp","href":"https:\/\/api.w.org\/{rel}","templated":true}]}}