{"id":1243,"date":"2017-01-25T18:18:18","date_gmt":"2017-01-25T17:18:18","guid":{"rendered":"http:\/\/www.aerre2.com\/it\/?page_id=1243"},"modified":"2021-04-14T14:22:46","modified_gmt":"2021-04-14T12:22:46","slug":"privacy","status":"publish","type":"page","link":"https:\/\/www.aerre2.com\/it\/privacy\/","title":{"rendered":"Privacy"},"content":{"rendered":"<p><strong>Note legali, Privacy e Cookies<\/strong><\/p>\n<p>INFORMAZIONI AI SENSI DELL\u2019ART. 7 DEL D.LGS 70\/2003<br \/>\nAi sensi dell\u2019art. 7 del d.lgs 70\/03 \u201cAttuazione della direttiva 2000\/31\/CE relativa a taluni aspetti giuridici dei servizi della societ\u00e0 dell&#8217;informazione nel mercato interno, con particolare riferimento al commercio elettronico\u201d si forniscono le seguenti notizie:<br \/>\na) denominazione prestatore: <strong>AERRE 2\u00a0<\/strong>di seguito il TITOLARE<br \/>\nb) sede legale: Via G. Mazzini 44\/A &#8211; 36077 Altavilla Vicentina (VICENZA) &#8211; Italy<br \/>\nc) contatti: +39 (0) 444 370644<br \/>\nd) partita IVA 03048810240<\/p>\n<p><strong>DIRITTO D\u2019AUTORE E MARCHI<\/strong><br \/>\nTesti, immagini ed ogni altro contenuto multimediale presente sul sito \u00e8 di propriet\u00e0 del TITOLARE o allo stesso concesso in licenza.<br \/>\nTutti i segni distintivi utilizzati all\u2019interno del sito appartengono al TITOLARE ovvero ai rispettivi proprietari o licenziatari, che hanno concesso al TITOLARE il diritto di utilizzo, limitato alla pubblicazione degli stessi sul sito.<br \/>\nNessuna parte del sito (compresi testi, immagini ed ogni altro contenuto multimediale) pu\u00f2 essere riprodotta o ritrasmessa senza specifica autorizzazione scritta del TITOLARE, se non per uso personale non trasferibile. L\u2019utilizzo per qualsiasi fine non autorizzato \u00e8 espressamente vietato dalla legge.<\/p>\n<p><strong>INFORMATIVA TRATTAMENTO DATI PERSONALI &#8211; ART. 13 D.LGS 196\/03<\/strong><br \/>\nI dati personali raccolti in questo sito ed ogni altra eventuale informazione a Lei associabile, direttamente od indirettamente, sono trattati ed utilizzati in conformit\u00e0 al Decreto Legislativo n.196\/2003 (&#8220;Codice in materia di protezione dei dati personali&#8221;).<br \/>\nAi sensi e per gli effetti dell&#8217;articolo 13 del Codice, IL TITOLARE La informa che i dati da Lei forniti sono trattati mediante strumenti e procedure informatiche, per le seguenti finalit\u00e0:<br \/>\n&#8211; rispondere ai quesiti da Lei formulati;<br \/>\n&#8211; tenere un data base delle domande, proposte, comunicazioni pi\u00f9 frequenti;<br \/>\n&#8211; iscriverla alla nostra newsletter (finalit\u00e0 valida solo per la pagina di iscrizione alla newsletter, previo consenso)<br \/>\n&#8211; gestione tecnica della navigazione (vedi anche la sezione \u201ctrattamento Cookies)<br \/>\nIl conferimento dei Dati di Registrazione ha natura obbligatorio e il mancato conferimento, anche parziale, dei dati indicati espressamente come necessari per il perseguimento delle finalit\u00e0 determiner\u00e0 l&#8217;impossibilit\u00e0 per IL TITOLARE di permettere una corretta navigazione ovvero di rispondere ai Suoi quesiti o erogarle i servizi.<br \/>\nIn ogni caso i dati non saranno mai diffusi.<br \/>\nIl titolare del trattamento \u00e8\u00a0il legale rappresentante. In ogni momento Lei potr\u00e0 esercitare i diritti che le spettano ai sensi dell&#8217;art. 7 del D.lgs.196\/2003 e che per Sua comodit\u00e0 riproduciamo integralmente:<br \/>\nArt. 7 &#8211; Diritto di accesso ai dati personali ed altri diritti<br \/>\nL&#8217;interessato ha diritto di ottenere la conferma dell&#8217;esistenza o meno di dati personali che lo riguardano, anche se non ancora registrati, e la loro comunicazione in forma intelligibile.<br \/>\nL&#8217;interessato ha diritto di ottenere l&#8217;indicazione:<br \/>\ndell&#8217;origine dei dati personali;<br \/>\ndelle finalit\u00e0 e modalit\u00e0 del trattamento;<br \/>\ndella logica applicata in caso di trattamento effettuato con l&#8217;ausilio di strumenti elettronici;<br \/>\ndegli estremi identificativi del titolare, dei responsabili e del rappresentante designato ai sensi dell&#8217;articolo 5, comma 2;<br \/>\ndei soggetti o delle categorie di soggetti ai quali i dati personali possono essere comunicati o che possono venirne a conoscenza in qualit\u00e0 di rappresentante designato nel territorio dello Stato, di responsabili o incaricati.<br \/>\nL&#8217;interessato ha diritto di ottenere:<br \/>\nl&#8217;aggiornamento, la rettificazione ovvero, quando vi ha interesse, l&#8217;integrazione dei dati;<br \/>\nla cancellazione, la trasformazione in forma anonima o il blocco dei dati trattati in violazione di legge, compresi quelli di cui non \u00e8 necessaria la conservazione in relazione agli scopi per i quali i dati sono stati raccolti o successivamente trattati;<br \/>\nl&#8217;attestazione che le operazioni di cui alle lettere a) e b) sono state portate a conoscenza, anche per quanto riguarda il loro contenuto, di coloro ai quali i dati sono stati comunicati o diffusi, eccettuato il caso in cui tale adempimento si rivela impossibile o comporta un impiego di mezzi manifestamente sproporzionato rispetto al diritto tutelato.<br \/>\nL&#8217;interessato ha diritto di opporsi, in tutto o in parte:<br \/>\nper motivi legittimi al trattamento dei dati personali che lo riguardano, ancorch\u00e9 pertinenti allo scopo della raccolta;<br \/>\nal trattamento di dati personali che lo riguardano a fini di invio di materiale pubblicitario o di vendita diretta o per il compimento di ricerche di mercato o di comunicazione commerciale.<\/p>\n<p><strong>INFORMATIVA SULL\u2019USO DEI COOKIES<\/strong><br \/>\nIl sito web, per un miglior funzionamento e per garantire servizi erogati da terze parti utilizza Cookies rilasciati dal TITOLARE o da terze parti.<br \/>\n<strong>I cookie rilasciati dal TITOLARE<\/strong><br \/>\nI cookies rilasciati dal TITOLARE navigando in questo sito web sono \u201ctecnici\u201d e sono quelli utilizzati al solo fine di &#8220;effettuare la trasmissione di una comunicazione su una rete di comunicazione elettronica, o nella misura strettamente necessaria al fornitore di un servizio della societ\u00e0 dell&#8217;informazione esplicitamente richiesto dall&#8217;abbonato o dall&#8217;utente a erogare tale servizio&#8221; (cfr. art. 122, comma 1, del Codice). Essi non vengono utilizzati per scopi ulteriori, e vengono installati con la normale navigazione nelle nostre pagine. Possono essere suddivisi in cookie di navigazione o di sessione, che garantiscono la normale navigazione e fruizione del sito web (permettendo di realizzare un acquisto o autenticarsi per accedere ad aree riservate); cookie di funzionalit\u00e0, che permettono all&#8217;utente la navigazione in funzione di una serie di criteri selezionati (ad esempio, la lingua, i prodotti selezionati per l&#8217;acquisto ecc.) al fine di migliorare il servizio reso allo stesso. Per l&#8217;installazione di tali cookie non \u00e8 richiesto il preventivo consenso degli utenti, mentre resta fermo l&#8217;obbligo di dare la presente informativa ai sensi dell&#8217;art. 13 del Codice.<br \/>\nCookies di terze parti per finalit\u00e0 statistiche o tecniche<br \/>\nNel corso della navigazione sul sito, l&#8217;utente pu\u00f2 ricevere sul suo terminale anche cookie fornitori diversi (c.d. cookie di &#8220;terze parti&#8221;); ci\u00f2 accade perch\u00e9 sul sito web visitato possono essere presenti elementi che risiedono su server diversi da quello sul quale si trova la pagina richiesta.<br \/>\n<strong>IL TITOLARE usa cookies di terze solo per finalit\u00e0 tecniche, ad esempio cookies rilasciati per analizzare statisticamente gli accessi\/le visite al sito (cookie cosiddetti &#8220;analytics&#8221;) o per permettere l\u2019utilizzo di parti di codice rilasciate da soggetti terzi, che garantiscono un miglior uso del servizio (autenticazioni, pagine di amministrazione ecc.)<\/strong><br \/>\nI cookies di terze parti utilizzati in questo sito e le modalit\u00e0 per gestire l\u2019opt out (la disattivazione dei medesimi) sono di seguito indicati:<br \/>\n&#8211; Google Analytics: servizio di analisi del traffico web fornito da Google, Inc. (\u201cGoogle\u201d). Tali cookie sono usati al solo fine di monitorare e migliorare le prestazioni del sito. Per ulteriori informazioni, si rinvia al link di seguito indicato: https:\/\/www.google.it\/policies\/privacy\/partners\/<br \/>\nL&#8217;utente pu\u00f2 disabilitare in modo selettivo l&#8217;azione di Google Analytics installando sul proprio browser la componente di opt-out fornito da Google. Per disabilitare l&#8217;azione di Google Analytics, si rinvia al link di seguito indicato: https:\/\/tools.google.com\/dlpage\/gaoptout<\/p>\n<p>Il presente sito non utilizza cookies propri o di terze parti per finalit\u00e0 di profilazione e pubblicit\u00e0.<\/p>\n","protected":false},"excerpt":{"rendered":"<p>Note legali, Privacy e Cookies INFORMAZIONI AI SENSI DELL\u2019ART. 7 DEL D.LGS 70\/2003 Ai sensi dell\u2019art. 7 del d.lgs 70\/03 \u201cAttuazione della direttiva 2000\/31\/CE relativa a taluni aspetti giuridici dei servizi della societ\u00e0 dell&#8217;informazione nel mercato interno, con particolare riferimento al commercio elettronico\u201d si forniscono le seguenti notizie: a) denominazione prestatore: AERRE 2\u00a0di seguito il [&hellip;]<\/p>\n","protected":false},"author":1,"featured_media":0,"parent":0,"menu_order":0,"comment_status":"closed","ping_status":"closed","template":"","meta":[],"yoast_head":"<!-- This site is optimized with the Yoast SEO plugin v18.4.1 - https:\/\/yoast.com\/wordpress\/plugins\/seo\/ -->\n<title>Privacy | Aerre2<\/title>\n<meta name=\"robots\" content=\"index, follow, max-snippet:-1, max-image-preview:large, max-video-preview:-1\" \/>\n<link rel=\"canonical\" href=\"https:\/\/www.aerre2.com\/it\/privacy\/\" \/>\n<meta property=\"og:locale\" content=\"it_IT\" \/>\n<meta property=\"og:type\" content=\"article\" \/>\n<meta property=\"og:title\" content=\"Privacy | Aerre2\" \/>\n<meta property=\"og:description\" content=\"Note legali, Privacy e Cookies INFORMAZIONI AI SENSI DELL\u2019ART. 7 DEL D.LGS 70\/2003 Ai sensi dell\u2019art. 7 del d.lgs 70\/03 \u201cAttuazione della direttiva 2000\/31\/CE relativa a taluni aspetti giuridici dei servizi della societ\u00e0 dell&#8217;informazione nel mercato interno, con particolare riferimento al commercio elettronico\u201d si forniscono le seguenti notizie: a) denominazione prestatore: AERRE 2\u00a0di seguito il [&hellip;]\" \/>\n<meta property=\"og:url\" content=\"https:\/\/www.aerre2.com\/it\/privacy\/\" \/>\n<meta property=\"og:site_name\" content=\"Aerre2\" \/>\n<meta property=\"article:modified_time\" content=\"2021-04-14T12:22:46+00:00\" \/>\n<meta name=\"twitter:card\" content=\"summary\" \/>\n<meta name=\"twitter:label1\" content=\"Tempo di lettura stimato\" \/>\n\t<meta name=\"twitter:data1\" content=\"6 minuti\" \/>\n<script type=\"application\/ld+json\" class=\"yoast-schema-graph\">{\"@context\":\"https:\/\/schema.org\",\"@graph\":[{\"@type\":\"Organization\",\"@id\":\"https:\/\/www.aerre2.com\/it\/#organization\",\"name\":\"Aerre2\",\"url\":\"https:\/\/www.aerre2.com\/it\/\",\"sameAs\":[],\"logo\":{\"@type\":\"ImageObject\",\"@id\":\"https:\/\/www.aerre2.com\/it\/#logo\",\"inLanguage\":\"it-IT\",\"url\":\"https:\/\/www.aerre2.com\/wp-content\/uploads\/2016\/07\/aerre2-logo-sticky.jpg\",\"contentUrl\":\"https:\/\/www.aerre2.com\/wp-content\/uploads\/2016\/07\/aerre2-logo-sticky.jpg\",\"width\":150,\"height\":74,\"caption\":\"Aerre2\"},\"image\":{\"@id\":\"https:\/\/www.aerre2.com\/it\/#logo\"}},{\"@type\":\"WebSite\",\"@id\":\"https:\/\/www.aerre2.com\/it\/#website\",\"url\":\"https:\/\/www.aerre2.com\/it\/\",\"name\":\"Aerre2\",\"description\":\"controlli di livello dei liquidi per qualsiasi applicazione\",\"publisher\":{\"@id\":\"https:\/\/www.aerre2.com\/it\/#organization\"},\"potentialAction\":[{\"@type\":\"SearchAction\",\"target\":{\"@type\":\"EntryPoint\",\"urlTemplate\":\"https:\/\/www.aerre2.com\/it\/?s={search_term_string}\"},\"query-input\":\"required name=search_term_string\"}],\"inLanguage\":\"it-IT\"},{\"@type\":\"WebPage\",\"@id\":\"https:\/\/www.aerre2.com\/it\/privacy\/#webpage\",\"url\":\"https:\/\/www.aerre2.com\/it\/privacy\/\",\"name\":\"Privacy | Aerre2\",\"isPartOf\":{\"@id\":\"https:\/\/www.aerre2.com\/it\/#website\"},\"datePublished\":\"2017-01-25T17:18:18+00:00\",\"dateModified\":\"2021-04-14T12:22:46+00:00\",\"breadcrumb\":{\"@id\":\"https:\/\/www.aerre2.com\/it\/privacy\/#breadcrumb\"},\"inLanguage\":\"it-IT\",\"potentialAction\":[{\"@type\":\"ReadAction\",\"target\":[\"https:\/\/www.aerre2.com\/it\/privacy\/\"]}]},{\"@type\":\"BreadcrumbList\",\"@id\":\"https:\/\/www.aerre2.com\/it\/privacy\/#breadcrumb\",\"itemListElement\":[{\"@type\":\"ListItem\",\"position\":1,\"name\":\"Home\",\"item\":\"https:\/\/www.aerre2.com\/it\/\"},{\"@type\":\"ListItem\",\"position\":2,\"name\":\"Privacy\"}]}]}<\/script>\n<!-- \/ Yoast SEO plugin. -->","yoast_head_json":{"title":"Privacy | Aerre2","robots":{"index":"index","follow":"follow","max-snippet":"max-snippet:-1","max-image-preview":"max-image-preview:large","max-video-preview":"max-video-preview:-1"},"canonical":"https:\/\/www.aerre2.com\/it\/privacy\/","og_locale":"it_IT","og_type":"article","og_title":"Privacy | Aerre2","og_description":"Note legali, Privacy e Cookies INFORMAZIONI AI SENSI DELL\u2019ART. 7 DEL D.LGS 70\/2003 Ai sensi dell\u2019art. 7 del d.lgs 70\/03 \u201cAttuazione della direttiva 2000\/31\/CE relativa a taluni aspetti giuridici dei servizi della societ\u00e0 dell&#8217;informazione nel mercato interno, con particolare riferimento al commercio elettronico\u201d si forniscono le seguenti notizie: a) denominazione prestatore: AERRE 2\u00a0di seguito il [&hellip;]","og_url":"https:\/\/www.aerre2.com\/it\/privacy\/","og_site_name":"Aerre2","article_modified_time":"2021-04-14T12:22:46+00:00","twitter_card":"summary","twitter_misc":{"Tempo di lettura stimato":"6 minuti"},"schema":{"@context":"https:\/\/schema.org","@graph":[{"@type":"Organization","@id":"https:\/\/www.aerre2.com\/it\/#organization","name":"Aerre2","url":"https:\/\/www.aerre2.com\/it\/","sameAs":[],"logo":{"@type":"ImageObject","@id":"https:\/\/www.aerre2.com\/it\/#logo","inLanguage":"it-IT","url":"https:\/\/www.aerre2.com\/wp-content\/uploads\/2016\/07\/aerre2-logo-sticky.jpg","contentUrl":"https:\/\/www.aerre2.com\/wp-content\/uploads\/2016\/07\/aerre2-logo-sticky.jpg","width":150,"height":74,"caption":"Aerre2"},"image":{"@id":"https:\/\/www.aerre2.com\/it\/#logo"}},{"@type":"WebSite","@id":"https:\/\/www.aerre2.com\/it\/#website","url":"https:\/\/www.aerre2.com\/it\/","name":"Aerre2","description":"controlli di livello dei liquidi per qualsiasi applicazione","publisher":{"@id":"https:\/\/www.aerre2.com\/it\/#organization"},"potentialAction":[{"@type":"SearchAction","target":{"@type":"EntryPoint","urlTemplate":"https:\/\/www.aerre2.com\/it\/?s={search_term_string}"},"query-input":"required name=search_term_string"}],"inLanguage":"it-IT"},{"@type":"WebPage","@id":"https:\/\/www.aerre2.com\/it\/privacy\/#webpage","url":"https:\/\/www.aerre2.com\/it\/privacy\/","name":"Privacy | Aerre2","isPartOf":{"@id":"https:\/\/www.aerre2.com\/it\/#website"},"datePublished":"2017-01-25T17:18:18+00:00","dateModified":"2021-04-14T12:22:46+00:00","breadcrumb":{"@id":"https:\/\/www.aerre2.com\/it\/privacy\/#breadcrumb"},"inLanguage":"it-IT","potentialAction":[{"@type":"ReadAction","target":["https:\/\/www.aerre2.com\/it\/privacy\/"]}]},{"@type":"BreadcrumbList","@id":"https:\/\/www.aerre2.com\/it\/privacy\/#breadcrumb","itemListElement":[{"@type":"ListItem","position":1,"name":"Home","item":"https:\/\/www.aerre2.com\/it\/"},{"@type":"ListItem","position":2,"name":"Privacy"}]}]}},"_links":{"self":[{"href":"https:\/\/www.aerre2.com\/it\/wp-json\/wp\/v2\/pages\/1243"}],"collection":[{"href":"https:\/\/www.aerre2.com\/it\/wp-json\/wp\/v2\/pages"}],"about":[{"href":"https:\/\/www.aerre2.com\/it\/wp-json\/wp\/v2\/types\/page"}],"author":[{"embeddable":true,"href":"https:\/\/www.aerre2.com\/it\/wp-json\/wp\/v2\/users\/1"}],"replies":[{"embeddable":true,"href":"https:\/\/www.aerre2.com\/it\/wp-json\/wp\/v2\/comments?post=1243"}],"version-history":[{"count":1,"href":"https:\/\/www.aerre2.com\/it\/wp-json\/wp\/v2\/pages\/1243\/revisions"}],"predecessor-version":[{"id":1244,"href":"https:\/\/www.aerre2.com\/it\/wp-json\/wp\/v2\/pages\/1243\/revisions\/1244"}],"wp:attachment":[{"href":"https:\/\/www.aerre2.com\/it\/wp-json\/wp\/v2\/media?parent=1243"}],"curies":[{"name":"wp","href":"https:\/\/api.w.org\/{rel}","templated":true}]}}